{"id":35,"date":"2026-01-13T16:43:41","date_gmt":"2026-01-13T15:43:41","guid":{"rendered":"http:\/\/lichtinsel.net\/?page_id=35"},"modified":"2026-01-13T17:58:03","modified_gmt":"2026-01-13T16:58:03","slug":"impressum","status":"publish","type":"page","link":"https:\/\/lichtinsel.net\/?page_id=35","title":{"rendered":"Impressum"},"content":{"rendered":"\n<h6 class=\"wp-block-heading\"><strong>Angaben gem\u00e4\u00df \u00a7 5 TMG<\/strong><\/h6>\n\n\n\n<p><\/p>\n\n\n\n<h5 class=\"wp-block-heading\">Die Lichtinsel<br>Daniel M\u00fcller-Wohlh\u00fcter<br>Thurgauer Weg 11<br>78479 Insel Reichenau<br>Deutschland<\/h5>\n\n\n\n<h5 class=\"wp-block-heading\"><br>Telefon: +49 172 4147299<br>E-Mail: <a>mail@lichtinsel.net<\/a><\/h5>\n\n\n\n<h5 class=\"wp-block-heading\"><strong>Verantwortlich f\u00fcr den Inhalt nach \u00a7 55 Abs. 2 RStV<\/strong><br>Daniel M\u00fcller-Wohlh\u00fcter<br>Thurgauer Weg 11<br>78479 Insel Reichenau<\/h5>\n","protected":false},"excerpt":{"rendered":"<p>Angaben gem\u00e4\u00df \u00a7 5 TMG Die LichtinselDaniel M\u00fcller-Wohlh\u00fcterThurgauer Weg 1178479 Insel ReichenauDeutschland Telefon: +49 172 4147299E-Mail: mail@lichtinsel.net Verantwortlich f\u00fcr den Inhalt nach \u00a7 55 Abs. 2 RStVDaniel M\u00fcller-Wohlh\u00fcterThurgauer Weg 1178479 Insel Reichenau<\/p>\n","protected":false},"author":1,"featured_media":0,"parent":0,"menu_order":0,"comment_status":"closed","ping_status":"closed","template":"","meta":{"footnotes":""},"class_list":["post-35","page","type-page","status-publish","hentry"],"_links":{"self":[{"href":"https:\/\/lichtinsel.net\/index.php?rest_route=\/wp\/v2\/pages\/35","targetHints":{"allow":["GET"]}}],"collection":[{"href":"https:\/\/lichtinsel.net\/index.php?rest_route=\/wp\/v2\/pages"}],"about":[{"href":"https:\/\/lichtinsel.net\/index.php?rest_route=\/wp\/v2\/types\/page"}],"author":[{"embeddable":true,"href":"https:\/\/lichtinsel.net\/index.php?rest_route=\/wp\/v2\/users\/1"}],"replies":[{"embeddable":true,"href":"https:\/\/lichtinsel.net\/index.php?rest_route=%2Fwp%2Fv2%2Fcomments&post=35"}],"version-history":[{"count":2,"href":"https:\/\/lichtinsel.net\/index.php?rest_route=\/wp\/v2\/pages\/35\/revisions"}],"predecessor-version":[{"id":48,"href":"https:\/\/lichtinsel.net\/index.php?rest_route=\/wp\/v2\/pages\/35\/revisions\/48"}],"wp:attachment":[{"href":"https:\/\/lichtinsel.net\/index.php?rest_route=%2Fwp%2Fv2%2Fmedia&parent=35"}],"curies":[{"name":"wp","href":"https:\/\/api.w.org\/{rel}","templated":true}]}}